{"id":1271,"date":"2022-10-08T07:24:34","date_gmt":"2022-10-08T10:24:34","guid":{"rendered":"https:\/\/stockindustrial.com.br\/?page_id=1271"},"modified":"2024-09-23T18:19:21","modified_gmt":"2024-09-23T21:19:21","slug":"industria-otica-gancheiras-para-armacao-de-oculos","status":"publish","type":"page","link":"https:\/\/stockindustrial.com.br\/?page_id=1271","title":{"rendered":"Gancheiras Para Arma\u00e7\u00e3o de \u00d3culos"},"content":{"rendered":"\t\t<div data-elementor-type=\"wp-page\" data-elementor-id=\"1271\" class=\"elementor elementor-1271\">\n\t\t\t\t\t\t<section class=\"elementor-section elementor-top-section elementor-element elementor-element-56ec1d7 elementor-section-boxed elementor-section-height-default elementor-section-height-default exad-glass-effect-no exad-sticky-section-no\" data-id=\"56ec1d7\" data-element_type=\"section\" data-e-type=\"section\" data-settings=\"{&quot;background_background&quot;:&quot;classic&quot;}\">\n\t\t\t\t\t\t<div class=\"elementor-container elementor-column-gap-default\">\n\t\t\t\t\t<div class=\"elementor-column elementor-col-50 elementor-top-column elementor-element elementor-element-cfc1f4c animated-slow exad-glass-effect-no exad-sticky-section-no elementor-invisible\" data-id=\"cfc1f4c\" data-element_type=\"column\" data-e-type=\"column\" data-settings=\"{&quot;background_background&quot;:&quot;classic&quot;,&quot;animation&quot;:&quot;fadeInLeft&quot;}\">\n\t\t\t<div class=\"elementor-widget-wrap elementor-element-populated\">\n\t\t\t\t\t<div class=\"elementor-background-overlay\"><\/div>\n\t\t\t\t\t\t<div class=\"elementor-element elementor-element-7b5645a exad-sticky-section-no exad-glass-effect-no elementor-widget elementor-widget-spacer\" data-id=\"7b5645a\" data-element_type=\"widget\" data-e-type=\"widget\" data-widget_type=\"spacer.default\">\n\t\t\t\t<div class=\"elementor-widget-container\">\n\t\t\t\t\t\t\t<div class=\"elementor-spacer\">\n\t\t\t<div class=\"elementor-spacer-inner\"><\/div>\n\t\t<\/div>\n\t\t\t\t\t\t<\/div>\n\t\t\t\t<\/div>\n\t\t\t\t\t<\/div>\n\t\t<\/div>\n\t\t\t\t<div class=\"elementor-column elementor-col-50 elementor-top-column elementor-element elementor-element-b054bb2 animated-slow exad-glass-effect-no exad-sticky-section-no elementor-invisible\" data-id=\"b054bb2\" data-element_type=\"column\" data-e-type=\"column\" data-settings=\"{&quot;animation&quot;:&quot;fadeInLeft&quot;}\">\n\t\t\t<div class=\"elementor-widget-wrap elementor-element-populated\">\n\t\t\t\t\t\t<div class=\"elementor-element elementor-element-eb3a376 exad-sticky-section-no exad-glass-effect-no elementor-widget elementor-widget-heading\" data-id=\"eb3a376\" data-element_type=\"widget\" data-e-type=\"widget\" data-widget_type=\"heading.default\">\n\t\t\t\t<div class=\"elementor-widget-container\">\n\t\t\t\t\t<h1 class=\"elementor-heading-title elementor-size-default\">GANCHEIRAS PARA ARMA\u00c7\u00c3O DE \u00d3CULOS\u200b<\/h1>\t\t\t\t<\/div>\n\t\t\t\t<\/div>\n\t\t\t\t<div class=\"elementor-element elementor-element-7de2ea4 exad-sticky-section-no exad-glass-effect-no elementor-widget elementor-widget-text-editor\" data-id=\"7de2ea4\" data-element_type=\"widget\" data-e-type=\"widget\" data-widget_type=\"text-editor.default\">\n\t\t\t\t<div class=\"elementor-widget-container\">\n\t\t\t\t\t\t\t\t\t<p><span data-contrast=\"auto\">Entre os artefatos met\u00e1licos e acess\u00f3rios para ind\u00fastria \u00f3ptica que a Stock Industrial fabrica, est\u00e3o as gancheiras para arma\u00e7\u00e3o de \u00f3culos.<\/span><span data-ccp-props=\"{&quot;335551550&quot;:6,&quot;335551620&quot;:6,&quot;335559685&quot;:-993,&quot;335559737&quot;:-994}\">\u00a0<\/span><\/p><p><span data-contrast=\"auto\">Gancheiras para arma\u00e7\u00e3o de \u00f3culos s\u00e3o utilizadas para fixar as arma\u00e7\u00f5es durante os processos de decapagem, polimento e pintura de tais arma\u00e7\u00f5es.<\/span><span data-ccp-props=\"{&quot;335551550&quot;:6,&quot;335551620&quot;:6,&quot;335559685&quot;:-993,&quot;335559737&quot;:-994}\">\u00a0<\/span><\/p><p><span data-contrast=\"auto\">As gancheiras para arma\u00e7\u00e3o de \u00f3culos s\u00e3o fabricadas de forma customizada sendo adaptadas a cada tipo de arma\u00e7\u00e3o e processo produtivo.\u00a0<\/span><span data-ccp-props=\"{&quot;335551550&quot;:6,&quot;335551620&quot;:6,&quot;335559685&quot;:-993,&quot;335559737&quot;:-994}\">\u00a0<\/span><\/p><p><span data-contrast=\"auto\">As gancheiras para arma\u00e7\u00e3o de \u00f3culos normalmente s\u00e3o compostas por uma ou duas hastes centrais, dispositivos de acoplamento e garras especiais para fixa\u00e7\u00e3o das arma\u00e7\u00f5es.<\/span><span data-ccp-props=\"{&quot;335551550&quot;:6,&quot;335551620&quot;:6,&quot;335559685&quot;:-993,&quot;335559737&quot;:-994}\">\u00a0<\/span><\/p>\t\t\t\t\t\t\t\t<\/div>\n\t\t\t\t<\/div>\n\t\t\t\t\t<\/div>\n\t\t<\/div>\n\t\t\t\t\t<\/div>\n\t\t<\/section>\n\t\t\t\t<section class=\"elementor-section elementor-top-section elementor-element elementor-element-fb3d3df elementor-section-boxed elementor-section-height-default elementor-section-height-default exad-glass-effect-no exad-sticky-section-no\" data-id=\"fb3d3df\" data-element_type=\"section\" data-e-type=\"section\" data-settings=\"{&quot;background_background&quot;:&quot;classic&quot;}\">\n\t\t\t\t\t\t\t<div class=\"elementor-background-overlay\"><\/div>\n\t\t\t\t\t\t\t<div class=\"elementor-container elementor-column-gap-default\">\n\t\t\t\t\t<div class=\"elementor-column elementor-col-100 elementor-top-column elementor-element elementor-element-3e0d7c7 exad-glass-effect-no exad-sticky-section-no\" data-id=\"3e0d7c7\" data-element_type=\"column\" data-e-type=\"column\">\n\t\t\t<div class=\"elementor-widget-wrap elementor-element-populated\">\n\t\t\t\t\t\t<div class=\"elementor-element elementor-element-cf470e1 exad-sticky-section-no exad-glass-effect-no elementor-invisible elementor-widget elementor-widget-heading\" data-id=\"cf470e1\" data-element_type=\"widget\" data-e-type=\"widget\" data-settings=\"{&quot;_animation&quot;:&quot;fadeInLeft&quot;}\" data-widget_type=\"heading.default\">\n\t\t\t\t<div class=\"elementor-widget-container\">\n\t\t\t\t\t<h2 class=\"elementor-heading-title elementor-size-default\">PRODUTOS RELACIONADOS<\/h2>\t\t\t\t<\/div>\n\t\t\t\t<\/div>\n\t\t\t\t\t<\/div>\n\t\t<\/div>\n\t\t\t\t\t<\/div>\n\t\t<\/section>\n\t\t\t\t<section class=\"elementor-section elementor-top-section elementor-element elementor-element-9e9ceb3 elementor-section-boxed elementor-section-height-default elementor-section-height-default exad-glass-effect-no exad-sticky-section-no\" data-id=\"9e9ceb3\" data-element_type=\"section\" data-e-type=\"section\" data-settings=\"{&quot;background_background&quot;:&quot;classic&quot;}\">\n\t\t\t\t\t\t\t<div class=\"elementor-background-overlay\"><\/div>\n\t\t\t\t\t\t\t<div class=\"elementor-container elementor-column-gap-default\">\n\t\t\t\t\t<div class=\"elementor-column elementor-col-100 elementor-top-column elementor-element elementor-element-28bca27 exad-glass-effect-no exad-sticky-section-no\" data-id=\"28bca27\" data-element_type=\"column\" data-e-type=\"column\">\n\t\t\t<div class=\"elementor-widget-wrap elementor-element-populated\">\n\t\t\t\t\t\t<section class=\"elementor-section elementor-inner-section elementor-element elementor-element-4eed4df elementor-section-boxed elementor-section-height-default elementor-section-height-default exad-glass-effect-no exad-sticky-section-no\" data-id=\"4eed4df\" data-element_type=\"section\" data-e-type=\"section\">\n\t\t\t\t\t\t<div class=\"elementor-container elementor-column-gap-default\">\n\t\t\t\t\t<div class=\"elementor-column elementor-col-33 elementor-inner-column elementor-element elementor-element-a0e4378 exad-glass-effect-no exad-sticky-section-no elementor-invisible\" data-id=\"a0e4378\" data-element_type=\"column\" data-e-type=\"column\" data-settings=\"{&quot;background_background&quot;:&quot;classic&quot;,&quot;animation&quot;:&quot;pulse&quot;}\">\n\t\t\t<div class=\"elementor-widget-wrap elementor-element-populated\">\n\t\t\t\t\t<div class=\"elementor-background-overlay\"><\/div>\n\t\t\t\t\t\t<div class=\"elementor-element elementor-element-79782b2 exad-sticky-section-no exad-glass-effect-no elementor-invisible elementor-widget elementor-widget-heading\" data-id=\"79782b2\" data-element_type=\"widget\" data-e-type=\"widget\" data-settings=\"{&quot;_animation&quot;:&quot;fadeIn&quot;}\" data-widget_type=\"heading.default\">\n\t\t\t\t<div class=\"elementor-widget-container\">\n\t\t\t\t\t<h2 class=\"elementor-heading-title elementor-size-default\"><a href=\"https:\/\/stockindustrial.com.br\/?page_id=1268\">GANCHEIRAS PARA LENTES \u00d3PTICAS<\/a><\/h2>\t\t\t\t<\/div>\n\t\t\t\t<\/div>\n\t\t\t\t\t<\/div>\n\t\t<\/div>\n\t\t\t\t<div class=\"elementor-column elementor-col-33 elementor-inner-column elementor-element elementor-element-8ca224a exad-glass-effect-no exad-sticky-section-no elementor-invisible\" data-id=\"8ca224a\" data-element_type=\"column\" data-e-type=\"column\" data-settings=\"{&quot;background_background&quot;:&quot;classic&quot;,&quot;animation&quot;:&quot;pulse&quot;}\">\n\t\t\t<div class=\"elementor-widget-wrap elementor-element-populated\">\n\t\t\t\t\t<div class=\"elementor-background-overlay\"><\/div>\n\t\t\t\t\t\t<div class=\"elementor-element elementor-element-183d11d exad-sticky-section-no exad-glass-effect-no elementor-invisible elementor-widget elementor-widget-heading\" data-id=\"183d11d\" data-element_type=\"widget\" data-e-type=\"widget\" data-settings=\"{&quot;_animation&quot;:&quot;fadeIn&quot;}\" data-widget_type=\"heading.default\">\n\t\t\t\t<div class=\"elementor-widget-container\">\n\t\t\t\t\t<h2 class=\"elementor-heading-title elementor-size-default\"><a href=\"https:\/\/stockindustrial.com.br\/?page_id=1271\">GANCHEIRAS PARA ARMA\u00c7\u00c3O DE \u00d3CULOS<\/a><\/h2>\t\t\t\t<\/div>\n\t\t\t\t<\/div>\n\t\t\t\t\t<\/div>\n\t\t<\/div>\n\t\t\t\t<div class=\"elementor-column elementor-col-33 elementor-inner-column elementor-element elementor-element-311d634 exad-glass-effect-no exad-sticky-section-no elementor-invisible\" data-id=\"311d634\" data-element_type=\"column\" data-e-type=\"column\" data-settings=\"{&quot;background_background&quot;:&quot;classic&quot;,&quot;animation&quot;:&quot;pulse&quot;}\">\n\t\t\t<div class=\"elementor-widget-wrap elementor-element-populated\">\n\t\t\t\t\t<div class=\"elementor-background-overlay\"><\/div>\n\t\t\t\t\t\t<div class=\"elementor-element elementor-element-fd38f1a exad-sticky-section-no exad-glass-effect-no elementor-invisible elementor-widget elementor-widget-heading\" data-id=\"fd38f1a\" data-element_type=\"widget\" data-e-type=\"widget\" data-settings=\"{&quot;_animation&quot;:&quot;fadeIn&quot;}\" data-widget_type=\"heading.default\">\n\t\t\t\t<div class=\"elementor-widget-container\">\n\t\t\t\t\t<h2 class=\"elementor-heading-title elementor-size-default\"><a href=\"https:\/\/stockindustrial.com.br\/?page_id=1274\">GANCHEIRAS PARA POLIMENTO DE ARMA\u00c7\u00d5ES\u200b<\/a><\/h2>\t\t\t\t<\/div>\n\t\t\t\t<\/div>\n\t\t\t\t\t<\/div>\n\t\t<\/div>\n\t\t\t\t\t<\/div>\n\t\t<\/section>\n\t\t\t\t<section class=\"elementor-section elementor-inner-section elementor-element elementor-element-8a0b528 elementor-section-boxed elementor-section-height-default elementor-section-height-default exad-glass-effect-no exad-sticky-section-no\" data-id=\"8a0b528\" data-element_type=\"section\" data-e-type=\"section\">\n\t\t\t\t\t\t<div class=\"elementor-container elementor-column-gap-default\">\n\t\t\t\t\t<div class=\"elementor-column elementor-col-50 elementor-inner-column elementor-element elementor-element-0711e4e exad-glass-effect-no exad-sticky-section-no elementor-invisible\" data-id=\"0711e4e\" data-element_type=\"column\" data-e-type=\"column\" data-settings=\"{&quot;background_background&quot;:&quot;classic&quot;,&quot;animation&quot;:&quot;pulse&quot;}\">\n\t\t\t<div class=\"elementor-widget-wrap elementor-element-populated\">\n\t\t\t\t\t<div class=\"elementor-background-overlay\"><\/div>\n\t\t\t\t\t\t<div class=\"elementor-element elementor-element-b926ee6 exad-sticky-section-no exad-glass-effect-no elementor-invisible elementor-widget elementor-widget-heading\" data-id=\"b926ee6\" data-element_type=\"widget\" data-e-type=\"widget\" data-settings=\"{&quot;_animation&quot;:&quot;fadeIn&quot;}\" data-widget_type=\"heading.default\">\n\t\t\t\t<div class=\"elementor-widget-container\">\n\t\t\t\t\t<h2 class=\"elementor-heading-title elementor-size-default\"><a href=\"https:\/\/stockindustrial.com.br\/?page_id=1638\">GARRAS PARA GANCHEIRAS \u00d3PTICA<\/a><\/h2>\t\t\t\t<\/div>\n\t\t\t\t<\/div>\n\t\t\t\t\t<\/div>\n\t\t<\/div>\n\t\t\t\t<div class=\"elementor-column elementor-col-50 elementor-inner-column elementor-element elementor-element-4676c5f exad-glass-effect-no exad-sticky-section-no elementor-invisible\" data-id=\"4676c5f\" data-element_type=\"column\" data-e-type=\"column\" data-settings=\"{&quot;background_background&quot;:&quot;classic&quot;,&quot;animation&quot;:&quot;pulse&quot;}\">\n\t\t\t<div class=\"elementor-widget-wrap elementor-element-populated\">\n\t\t\t\t\t<div class=\"elementor-background-overlay\"><\/div>\n\t\t\t\t\t\t<div class=\"elementor-element elementor-element-fba90a0 exad-sticky-section-no exad-glass-effect-no elementor-widget elementor-widget-heading\" data-id=\"fba90a0\" data-element_type=\"widget\" data-e-type=\"widget\" data-widget_type=\"heading.default\">\n\t\t\t\t<div class=\"elementor-widget-container\">\n\t\t\t\t\t<h2 class=\"elementor-heading-title elementor-size-default\"><a href=\"https:\/\/stockindustrial.com.br\/?page_id=1277\">ACESS\u00d3RIOS PARA IND\u00daSTRIA \u00d3PTICA<\/a><\/h2>\t\t\t\t<\/div>\n\t\t\t\t<\/div>\n\t\t\t\t\t<\/div>\n\t\t<\/div>\n\t\t\t\t\t<\/div>\n\t\t<\/section>\n\t\t\t\t\t<\/div>\n\t\t<\/div>\n\t\t\t\t\t<\/div>\n\t\t<\/section>\n\t\t\t\t<\/div>\n\t\t","protected":false},"excerpt":{"rendered":"<p>GANCHEIRAS PARA ARMA\u00c7\u00c3O DE \u00d3CULOS\u200b Entre os artefatos met\u00e1licos e acess\u00f3rios para ind\u00fastria \u00f3ptica que a Stock Industrial fabrica, est\u00e3o as gancheiras para arma\u00e7\u00e3o de \u00f3culos.\u00a0 Gancheiras para arma\u00e7\u00e3o de \u00f3culos s\u00e3o utilizadas para fixar as arma\u00e7\u00f5es durante os processos de decapagem, polimento e pintura de tais arma\u00e7\u00f5es.\u00a0 As gancheiras para arma\u00e7\u00e3o de \u00f3culos s\u00e3o [&hellip;]<\/p>\n","protected":false},"author":1,"featured_media":0,"parent":0,"menu_order":0,"comment_status":"closed","ping_status":"closed","template":"elementor_header_footer","meta":{"ocean_post_layout":"","ocean_both_sidebars_style":"","ocean_both_sidebars_content_width":0,"ocean_both_sidebars_sidebars_width":0,"ocean_sidebar":"0","ocean_second_sidebar":"0","ocean_disable_margins":"enable","ocean_add_body_class":"","ocean_shortcode_before_top_bar":"","ocean_shortcode_after_top_bar":"","ocean_shortcode_before_header":"","ocean_shortcode_after_header":"","ocean_has_shortcode":"","ocean_shortcode_after_title":"","ocean_shortcode_before_footer_widgets":"","ocean_shortcode_after_footer_widgets":"","ocean_shortcode_before_footer_bottom":"","ocean_shortcode_after_footer_bottom":"","ocean_display_top_bar":"default","ocean_display_header":"default","ocean_header_style":"","ocean_center_header_left_menu":"0","ocean_custom_header_template":"0","ocean_custom_logo":0,"ocean_custom_retina_logo":0,"ocean_custom_logo_max_width":0,"ocean_custom_logo_tablet_max_width":0,"ocean_custom_logo_mobile_max_width":0,"ocean_custom_logo_max_height":0,"ocean_custom_logo_tablet_max_height":0,"ocean_custom_logo_mobile_max_height":0,"ocean_header_custom_menu":"0","ocean_menu_typo_font_family":"0","ocean_menu_typo_font_subset":"","ocean_menu_typo_font_size":0,"ocean_menu_typo_font_size_tablet":0,"ocean_menu_typo_font_size_mobile":0,"ocean_menu_typo_font_size_unit":"px","ocean_menu_typo_font_weight":"","ocean_menu_typo_font_weight_tablet":"","ocean_menu_typo_font_weight_mobile":"","ocean_menu_typo_transform":"","ocean_menu_typo_transform_tablet":"","ocean_menu_typo_transform_mobile":"","ocean_menu_typo_line_height":0,"ocean_menu_typo_line_height_tablet":0,"ocean_menu_typo_line_height_mobile":0,"ocean_menu_typo_line_height_unit":"","ocean_menu_typo_spacing":0,"ocean_menu_typo_spacing_tablet":0,"ocean_menu_typo_spacing_mobile":0,"ocean_menu_typo_spacing_unit":"","ocean_menu_link_color":"","ocean_menu_link_color_hover":"","ocean_menu_link_color_active":"","ocean_menu_link_background":"","ocean_menu_link_hover_background":"","ocean_menu_link_active_background":"","ocean_menu_social_links_bg":"","ocean_menu_social_hover_links_bg":"","ocean_menu_social_links_color":"","ocean_menu_social_hover_links_color":"","ocean_disable_title":"default","ocean_disable_heading":"default","ocean_post_title":"","ocean_post_subheading":"","ocean_post_title_style":"","ocean_post_title_background_color":"","ocean_post_title_background":0,"ocean_post_title_bg_image_position":"","ocean_post_title_bg_image_attachment":"","ocean_post_title_bg_image_repeat":"","ocean_post_title_bg_image_size":"","ocean_post_title_height":0,"ocean_post_title_bg_overlay":0.5,"ocean_post_title_bg_overlay_color":"","ocean_disable_breadcrumbs":"default","ocean_breadcrumbs_color":"","ocean_breadcrumbs_separator_color":"","ocean_breadcrumbs_links_color":"","ocean_breadcrumbs_links_hover_color":"","ocean_display_footer_widgets":"default","ocean_display_footer_bottom":"default","ocean_custom_footer_template":"0","footnotes":""},"class_list":["post-1271","page","type-page","status-publish","hentry","entry"],"yoast_head":"<!-- This site is optimized with the Yoast SEO Premium plugin v21.5 (Yoast SEO v27.3) - https:\/\/yoast.com\/product\/yoast-seo-premium-wordpress\/ -->\n<title>Gancheiras Para Arma\u00e7\u00e3o de \u00d3culos - STOCK INDUSTRIAL<\/title>\n<meta name=\"robots\" content=\"index, follow, max-snippet:-1, max-image-preview:large, max-video-preview:-1\" \/>\n<link rel=\"canonical\" href=\"https:\/\/stockindustrial.com.br\/?page_id=1271\" \/>\n<meta property=\"og:locale\" content=\"pt_BR\" \/>\n<meta property=\"og:type\" content=\"article\" \/>\n<meta property=\"og:title\" content=\"Gancheiras Para Arma\u00e7\u00e3o de \u00d3culos\" \/>\n<meta property=\"og:description\" content=\"GANCHEIRAS PARA ARMA\u00c7\u00c3O DE \u00d3CULOS\u200b Entre os artefatos met\u00e1licos e acess\u00f3rios para ind\u00fastria \u00f3ptica que a Stock Industrial fabrica, est\u00e3o as gancheiras para arma\u00e7\u00e3o de \u00f3culos.\u00a0 Gancheiras para arma\u00e7\u00e3o de \u00f3culos s\u00e3o utilizadas para fixar as arma\u00e7\u00f5es durante os processos de decapagem, polimento e pintura de tais arma\u00e7\u00f5es.\u00a0 As gancheiras para arma\u00e7\u00e3o de \u00f3culos s\u00e3o [&hellip;]\" \/>\n<meta property=\"og:url\" content=\"https:\/\/stockindustrial.com.br\/?page_id=1271\" \/>\n<meta property=\"og:site_name\" content=\"STOCK INDUSTRIAL\" \/>\n<meta property=\"article:publisher\" content=\"https:\/\/www.facebook.com\/www.stockindustrial.com.br\" \/>\n<meta property=\"article:modified_time\" content=\"2024-09-23T21:19:21+00:00\" \/>\n<meta name=\"twitter:card\" content=\"summary_large_image\" \/>\n<meta name=\"twitter:label1\" content=\"Est. tempo de leitura\" \/>\n\t<meta name=\"twitter:data1\" content=\"1 minuto\" \/>\n<script type=\"application\/ld+json\" class=\"yoast-schema-graph\">{\"@context\":\"https:\\\/\\\/schema.org\",\"@graph\":[{\"@type\":\"WebPage\",\"@id\":\"https:\\\/\\\/stockindustrial.com.br\\\/?page_id=1271\",\"url\":\"https:\\\/\\\/stockindustrial.com.br\\\/?page_id=1271\",\"name\":\"Gancheiras Para Arma\u00e7\u00e3o de \u00d3culos - STOCK INDUSTRIAL\",\"isPartOf\":{\"@id\":\"https:\\\/\\\/stockindustrial.com.br\\\/#website\"},\"datePublished\":\"2022-10-08T10:24:34+00:00\",\"dateModified\":\"2024-09-23T21:19:21+00:00\",\"breadcrumb\":{\"@id\":\"https:\\\/\\\/stockindustrial.com.br\\\/?page_id=1271#breadcrumb\"},\"inLanguage\":\"pt-BR\",\"potentialAction\":[{\"@type\":\"ReadAction\",\"target\":[\"https:\\\/\\\/stockindustrial.com.br\\\/?page_id=1271\"]}]},{\"@type\":\"BreadcrumbList\",\"@id\":\"https:\\\/\\\/stockindustrial.com.br\\\/?page_id=1271#breadcrumb\",\"itemListElement\":[{\"@type\":\"ListItem\",\"position\":1,\"name\":\"In\u00edcio\",\"item\":\"https:\\\/\\\/stockindustrial.com.br\\\/\"},{\"@type\":\"ListItem\",\"position\":2,\"name\":\"Gancheiras Para Arma\u00e7\u00e3o de \u00d3culos\"}]},{\"@type\":\"WebSite\",\"@id\":\"https:\\\/\\\/stockindustrial.com.br\\\/#website\",\"url\":\"https:\\\/\\\/stockindustrial.com.br\\\/\",\"name\":\"STOCK INDUSTRIAL\",\"description\":\"Molas e Artefatos\",\"publisher\":{\"@id\":\"https:\\\/\\\/stockindustrial.com.br\\\/#organization\"},\"potentialAction\":[{\"@type\":\"SearchAction\",\"target\":{\"@type\":\"EntryPoint\",\"urlTemplate\":\"https:\\\/\\\/stockindustrial.com.br\\\/?s={search_term_string}\"},\"query-input\":{\"@type\":\"PropertyValueSpecification\",\"valueRequired\":true,\"valueName\":\"search_term_string\"}}],\"inLanguage\":\"pt-BR\"},{\"@type\":\"Organization\",\"@id\":\"https:\\\/\\\/stockindustrial.com.br\\\/#organization\",\"name\":\"STOCK INDUSTRIAL\",\"url\":\"https:\\\/\\\/stockindustrial.com.br\\\/\",\"logo\":{\"@type\":\"ImageObject\",\"inLanguage\":\"pt-BR\",\"@id\":\"https:\\\/\\\/stockindustrial.com.br\\\/#\\\/schema\\\/logo\\\/image\\\/\",\"url\":\"https:\\\/\\\/stockindustrial.com.br\\\/wp-content\\\/uploads\\\/2022\\\/09\\\/logo-stock-2.png\",\"contentUrl\":\"https:\\\/\\\/stockindustrial.com.br\\\/wp-content\\\/uploads\\\/2022\\\/09\\\/logo-stock-2.png\",\"width\":100,\"height\":40,\"caption\":\"STOCK INDUSTRIAL\"},\"image\":{\"@id\":\"https:\\\/\\\/stockindustrial.com.br\\\/#\\\/schema\\\/logo\\\/image\\\/\"},\"sameAs\":[\"https:\\\/\\\/www.facebook.com\\\/www.stockindustrial.com.br\",\"https:\\\/\\\/www.linkedin.com\\\/company\\\/29021794\\\/admin\\\/feed\\\/posts\\\/\"]}]}<\/script>\n<!-- \/ Yoast SEO Premium plugin. -->","yoast_head_json":{"title":"Gancheiras Para Arma\u00e7\u00e3o de \u00d3culos - STOCK INDUSTRIAL","robots":{"index":"index","follow":"follow","max-snippet":"max-snippet:-1","max-image-preview":"max-image-preview:large","max-video-preview":"max-video-preview:-1"},"canonical":"https:\/\/stockindustrial.com.br\/?page_id=1271","og_locale":"pt_BR","og_type":"article","og_title":"Gancheiras Para Arma\u00e7\u00e3o de \u00d3culos","og_description":"GANCHEIRAS PARA ARMA\u00c7\u00c3O DE \u00d3CULOS\u200b Entre os artefatos met\u00e1licos e acess\u00f3rios para ind\u00fastria \u00f3ptica que a Stock Industrial fabrica, est\u00e3o as gancheiras para arma\u00e7\u00e3o de \u00f3culos.\u00a0 Gancheiras para arma\u00e7\u00e3o de \u00f3culos s\u00e3o utilizadas para fixar as arma\u00e7\u00f5es durante os processos de decapagem, polimento e pintura de tais arma\u00e7\u00f5es.\u00a0 As gancheiras para arma\u00e7\u00e3o de \u00f3culos s\u00e3o [&hellip;]","og_url":"https:\/\/stockindustrial.com.br\/?page_id=1271","og_site_name":"STOCK INDUSTRIAL","article_publisher":"https:\/\/www.facebook.com\/www.stockindustrial.com.br","article_modified_time":"2024-09-23T21:19:21+00:00","twitter_card":"summary_large_image","twitter_misc":{"Est. tempo de leitura":"1 minuto"},"schema":{"@context":"https:\/\/schema.org","@graph":[{"@type":"WebPage","@id":"https:\/\/stockindustrial.com.br\/?page_id=1271","url":"https:\/\/stockindustrial.com.br\/?page_id=1271","name":"Gancheiras Para Arma\u00e7\u00e3o de \u00d3culos - STOCK INDUSTRIAL","isPartOf":{"@id":"https:\/\/stockindustrial.com.br\/#website"},"datePublished":"2022-10-08T10:24:34+00:00","dateModified":"2024-09-23T21:19:21+00:00","breadcrumb":{"@id":"https:\/\/stockindustrial.com.br\/?page_id=1271#breadcrumb"},"inLanguage":"pt-BR","potentialAction":[{"@type":"ReadAction","target":["https:\/\/stockindustrial.com.br\/?page_id=1271"]}]},{"@type":"BreadcrumbList","@id":"https:\/\/stockindustrial.com.br\/?page_id=1271#breadcrumb","itemListElement":[{"@type":"ListItem","position":1,"name":"In\u00edcio","item":"https:\/\/stockindustrial.com.br\/"},{"@type":"ListItem","position":2,"name":"Gancheiras Para Arma\u00e7\u00e3o de \u00d3culos"}]},{"@type":"WebSite","@id":"https:\/\/stockindustrial.com.br\/#website","url":"https:\/\/stockindustrial.com.br\/","name":"STOCK INDUSTRIAL","description":"Molas e Artefatos","publisher":{"@id":"https:\/\/stockindustrial.com.br\/#organization"},"potentialAction":[{"@type":"SearchAction","target":{"@type":"EntryPoint","urlTemplate":"https:\/\/stockindustrial.com.br\/?s={search_term_string}"},"query-input":{"@type":"PropertyValueSpecification","valueRequired":true,"valueName":"search_term_string"}}],"inLanguage":"pt-BR"},{"@type":"Organization","@id":"https:\/\/stockindustrial.com.br\/#organization","name":"STOCK INDUSTRIAL","url":"https:\/\/stockindustrial.com.br\/","logo":{"@type":"ImageObject","inLanguage":"pt-BR","@id":"https:\/\/stockindustrial.com.br\/#\/schema\/logo\/image\/","url":"https:\/\/stockindustrial.com.br\/wp-content\/uploads\/2022\/09\/logo-stock-2.png","contentUrl":"https:\/\/stockindustrial.com.br\/wp-content\/uploads\/2022\/09\/logo-stock-2.png","width":100,"height":40,"caption":"STOCK INDUSTRIAL"},"image":{"@id":"https:\/\/stockindustrial.com.br\/#\/schema\/logo\/image\/"},"sameAs":["https:\/\/www.facebook.com\/www.stockindustrial.com.br","https:\/\/www.linkedin.com\/company\/29021794\/admin\/feed\/posts\/"]}]}},"_links":{"self":[{"href":"https:\/\/stockindustrial.com.br\/index.php?rest_route=\/wp\/v2\/pages\/1271","targetHints":{"allow":["GET"]}}],"collection":[{"href":"https:\/\/stockindustrial.com.br\/index.php?rest_route=\/wp\/v2\/pages"}],"about":[{"href":"https:\/\/stockindustrial.com.br\/index.php?rest_route=\/wp\/v2\/types\/page"}],"author":[{"embeddable":true,"href":"https:\/\/stockindustrial.com.br\/index.php?rest_route=\/wp\/v2\/users\/1"}],"replies":[{"embeddable":true,"href":"https:\/\/stockindustrial.com.br\/index.php?rest_route=%2Fwp%2Fv2%2Fcomments&post=1271"}],"version-history":[{"count":0,"href":"https:\/\/stockindustrial.com.br\/index.php?rest_route=\/wp\/v2\/pages\/1271\/revisions"}],"wp:attachment":[{"href":"https:\/\/stockindustrial.com.br\/index.php?rest_route=%2Fwp%2Fv2%2Fmedia&parent=1271"}],"curies":[{"name":"wp","href":"https:\/\/api.w.org\/{rel}","templated":true}]}}