{"id":505,"date":"2022-09-27T12:41:48","date_gmt":"2022-09-27T15:41:48","guid":{"rendered":"https:\/\/stockindustrial.com.br\/?page_id=505"},"modified":"2025-10-22T20:50:40","modified_gmt":"2025-10-22T23:50:40","slug":"certificacao","status":"publish","type":"page","link":"https:\/\/stockindustrial.com.br\/?page_id=505","title":{"rendered":"Certifica\u00e7\u00e3o"},"content":{"rendered":"\t\t<div data-elementor-type=\"wp-page\" data-elementor-id=\"505\" class=\"elementor elementor-505\">\n\t\t\t\t\t\t<section class=\"elementor-section elementor-top-section elementor-element elementor-element-a1e6f17 elementor-section-full_width elementor-section-height-default elementor-section-height-default exad-glass-effect-no exad-sticky-section-no\" data-id=\"a1e6f17\" data-element_type=\"section\" data-e-type=\"section\">\n\t\t\t\t\t\t<div class=\"elementor-container elementor-column-gap-default\">\n\t\t\t\t\t<div class=\"elementor-column elementor-col-50 elementor-top-column elementor-element elementor-element-7f73e58 exad-glass-effect-no exad-sticky-section-no\" data-id=\"7f73e58\" data-element_type=\"column\" data-e-type=\"column\" data-settings=\"{&quot;background_background&quot;:&quot;classic&quot;}\">\n\t\t\t<div class=\"elementor-widget-wrap elementor-element-populated\">\n\t\t\t\t\t\t<div class=\"elementor-element elementor-element-0b116e8 exad-sticky-section-no exad-glass-effect-no elementor-widget elementor-widget-heading\" data-id=\"0b116e8\" data-element_type=\"widget\" data-e-type=\"widget\" data-settings=\"{&quot;_animation&quot;:&quot;none&quot;}\" data-widget_type=\"heading.default\">\n\t\t\t\t<div class=\"elementor-widget-container\">\n\t\t\t\t\t<h2 class=\"elementor-heading-title elementor-size-default\">CERTIFICA\u00c7\u00c3O ISO-9001<\/h2>\t\t\t\t<\/div>\n\t\t\t\t<\/div>\n\t\t\t\t<div class=\"elementor-element elementor-element-aef19ff exad-sticky-section-no exad-glass-effect-no elementor-widget elementor-widget-text-editor\" data-id=\"aef19ff\" data-element_type=\"widget\" data-e-type=\"widget\" data-settings=\"{&quot;_animation&quot;:&quot;none&quot;}\" data-widget_type=\"text-editor.default\">\n\t\t\t\t<div class=\"elementor-widget-container\">\n\t\t\t\t\t\t\t\t\t<p>Fundada em fevereiro de 2007, a Stock Industrial surgiu a partir de um corpo diretivo com mais de 20 anos de experi\u00eancia na fabrica\u00e7\u00e3o de molas e produtos derivados de arames e fitas met\u00e1licas. Ao longo dos anos, consolidou-se como uma refer\u00eancia confi\u00e1vel no fornecimento de molas, artefatos de arame e estampados produzidos em a\u00e7o e outras ligas met\u00e1licas.<\/p><p>O compromisso da Stock Industrial com a <strong>Qualidade Total<\/strong> resultou na certifica\u00e7\u00e3o ISO 9001, conquistada em 2013. Essa certifica\u00e7\u00e3o reflete a dedica\u00e7\u00e3o da empresa em seguir sua <strong>Pol\u00edtica da Qualidade<\/strong>, baseada nos seguintes princ\u00edpios:<\/p><ul><li>Atender os Requisitos<\/li><li>Fabricar produtos de Qualidade<\/li><li>Satisfazer os Clientes<\/li><li>Buscar a Melhoria Continua<\/li><\/ul><p>A Stock Industrial \u00e9 reconhecida por seus clientes pela excel\u00eancia no atendimento, pontualidade, qualidade e expertise no desenvolvimento de molas, artefatos de arame e estampados.<\/p><p>Atendendo a clientes dos mais diversos setores, caracterizados por altos n\u00edveis de exig\u00eancia, a empresa tamb\u00e9m cumpre crit\u00e9rios estabelecidos em normas como <strong>IATF, ISO 14001, ISO 26000 e ISO 37301<\/strong>, refor\u00e7ando seu compromisso com qualidade, responsabilidade social e conformidade.<\/p>\t\t\t\t\t\t\t\t<\/div>\n\t\t\t\t<\/div>\n\t\t\t\t\t<\/div>\n\t\t<\/div>\n\t\t\t\t<div class=\"elementor-column elementor-col-50 elementor-top-column elementor-element elementor-element-2ad9953 exad-glass-effect-no exad-sticky-section-no elementor-invisible\" data-id=\"2ad9953\" data-element_type=\"column\" data-e-type=\"column\" data-settings=\"{&quot;background_background&quot;:&quot;classic&quot;,&quot;animation&quot;:&quot;fadeIn&quot;}\">\n\t\t\t<div class=\"elementor-widget-wrap elementor-element-populated\">\n\t\t\t\t\t\t<div class=\"elementor-element elementor-element-aa0b2cc elementor-arrows-position-inside elementor-pagination-position-outside exad-sticky-section-no exad-glass-effect-no elementor-widget elementor-widget-image-carousel\" data-id=\"aa0b2cc\" data-element_type=\"widget\" data-e-type=\"widget\" data-settings=\"{&quot;slides_to_show&quot;:&quot;1&quot;,&quot;navigation&quot;:&quot;both&quot;,&quot;autoplay&quot;:&quot;yes&quot;,&quot;pause_on_hover&quot;:&quot;yes&quot;,&quot;pause_on_interaction&quot;:&quot;yes&quot;,&quot;autoplay_speed&quot;:5000,&quot;infinite&quot;:&quot;yes&quot;,&quot;effect&quot;:&quot;slide&quot;,&quot;speed&quot;:500}\" data-widget_type=\"image-carousel.default\">\n\t\t\t\t<div class=\"elementor-widget-container\">\n\t\t\t\t\t\t\t<div class=\"elementor-image-carousel-wrapper swiper\" role=\"region\" aria-roledescription=\"carousel\" aria-label=\"Carrossel de imagens\" dir=\"ltr\">\n\t\t\t<div class=\"elementor-image-carousel swiper-wrapper\" aria-live=\"off\">\n\t\t\t\t\t\t\t\t<div class=\"swiper-slide\" role=\"group\" aria-roledescription=\"slide\" aria-label=\"1 de 4\"><figure class=\"swiper-slide-inner\"><img decoding=\"async\" class=\"swiper-slide-image\" src=\"https:\/\/stockindustrial.com.br\/wp-content\/uploads\/2025\/10\/Certificado-Stock-ISO-9001_2015_BR137934_PT-outubro-2025-1_page-0001.jpg\" alt=\"Certificado Stock ISO 9001_2015_BR137934_PT outubro 2025 (1)_page-0001\" \/><\/figure><\/div><div class=\"swiper-slide\" role=\"group\" aria-roledescription=\"slide\" aria-label=\"2 de 4\"><figure class=\"swiper-slide-inner\"><img decoding=\"async\" class=\"swiper-slide-image\" src=\"https:\/\/stockindustrial.com.br\/wp-content\/uploads\/2025\/10\/Certificado-Stock-ISO-9001_2015_BR137934_PT-outubro-2025-1_page-0002.jpg\" alt=\"Certificado Stock ISO 9001_2015_BR137934_PT outubro 2025 (1)_page-0002\" \/><\/figure><\/div><div class=\"swiper-slide\" role=\"group\" aria-roledescription=\"slide\" aria-label=\"3 de 4\"><figure class=\"swiper-slide-inner\"><img decoding=\"async\" class=\"swiper-slide-image\" src=\"https:\/\/stockindustrial.com.br\/wp-content\/uploads\/2025\/10\/Certificado-Stock-ISO-9001_2015_BR137934_EN-outubro-2025-1_page-0001.jpg\" alt=\"Certificado Stock ISO 9001_2015_BR137934_EN outubro 2025 (1)_page-0001\" \/><\/figure><\/div><div class=\"swiper-slide\" role=\"group\" aria-roledescription=\"slide\" aria-label=\"4 de 4\"><figure class=\"swiper-slide-inner\"><img decoding=\"async\" class=\"swiper-slide-image\" src=\"https:\/\/stockindustrial.com.br\/wp-content\/uploads\/2025\/10\/Certificado-Stock-ISO-9001_2015_BR137934_EN-outubro-2025-1_page-0002.jpg\" alt=\"Certificado Stock ISO 9001_2015_BR137934_EN outubro 2025 (1)_page-0002\" \/><\/figure><\/div>\t\t\t<\/div>\n\t\t\t\t\t\t\t\t\t\t\t\t<div class=\"elementor-swiper-button elementor-swiper-button-prev\" role=\"button\" tabindex=\"0\">\n\t\t\t\t\t\t<svg aria-hidden=\"true\" class=\"e-font-icon-svg e-eicon-chevron-left\" viewBox=\"0 0 1000 1000\" xmlns=\"http:\/\/www.w3.org\/2000\/svg\"><path d=\"M646 125C629 125 613 133 604 142L308 442C296 454 292 471 292 487 292 504 296 521 308 533L604 854C617 867 629 875 646 875 663 875 679 871 692 858 704 846 713 829 713 812 713 796 708 779 692 767L438 487 692 225C700 217 708 204 708 187 708 171 704 154 692 142 675 129 663 125 646 125Z\"><\/path><\/svg>\t\t\t\t\t<\/div>\n\t\t\t\t\t<div class=\"elementor-swiper-button elementor-swiper-button-next\" role=\"button\" tabindex=\"0\">\n\t\t\t\t\t\t<svg aria-hidden=\"true\" class=\"e-font-icon-svg e-eicon-chevron-right\" viewBox=\"0 0 1000 1000\" xmlns=\"http:\/\/www.w3.org\/2000\/svg\"><path d=\"M696 533C708 521 713 504 713 487 713 471 708 454 696 446L400 146C388 133 375 125 354 125 338 125 325 129 313 142 300 154 292 171 292 187 292 204 296 221 308 233L563 492 304 771C292 783 288 800 288 817 288 833 296 850 308 863 321 871 338 875 354 875 371 875 388 867 400 854L696 533Z\"><\/path><\/svg>\t\t\t\t\t<\/div>\n\t\t\t\t\n\t\t\t\t\t\t\t\t\t<div class=\"swiper-pagination\"><\/div>\n\t\t\t\t\t\t\t\t\t<\/div>\n\t\t\t\t\t\t<\/div>\n\t\t\t\t<\/div>\n\t\t\t\t\t<\/div>\n\t\t<\/div>\n\t\t\t\t\t<\/div>\n\t\t<\/section>\n\t\t\t\t<\/div>\n\t\t","protected":false},"excerpt":{"rendered":"<p>CERTIFICA\u00c7\u00c3O ISO-9001 Fundada em fevereiro de 2007, a Stock Industrial surgiu a partir de um corpo diretivo com mais de 20 anos de experi\u00eancia na fabrica\u00e7\u00e3o de molas e produtos derivados de arames e fitas met\u00e1licas. Ao longo dos anos, consolidou-se como uma refer\u00eancia confi\u00e1vel no fornecimento de molas, artefatos de arame e estampados produzidos [&hellip;]<\/p>\n","protected":false},"author":1,"featured_media":0,"parent":0,"menu_order":0,"comment_status":"closed","ping_status":"closed","template":"elementor_header_footer","meta":{"ocean_post_layout":"","ocean_both_sidebars_style":"","ocean_both_sidebars_content_width":0,"ocean_both_sidebars_sidebars_width":0,"ocean_sidebar":"0","ocean_second_sidebar":"0","ocean_disable_margins":"enable","ocean_add_body_class":"","ocean_shortcode_before_top_bar":"","ocean_shortcode_after_top_bar":"","ocean_shortcode_before_header":"","ocean_shortcode_after_header":"","ocean_has_shortcode":"","ocean_shortcode_after_title":"","ocean_shortcode_before_footer_widgets":"","ocean_shortcode_after_footer_widgets":"","ocean_shortcode_before_footer_bottom":"","ocean_shortcode_after_footer_bottom":"","ocean_display_top_bar":"default","ocean_display_header":"default","ocean_header_style":"","ocean_center_header_left_menu":"0","ocean_custom_header_template":"0","ocean_custom_logo":0,"ocean_custom_retina_logo":0,"ocean_custom_logo_max_width":0,"ocean_custom_logo_tablet_max_width":0,"ocean_custom_logo_mobile_max_width":0,"ocean_custom_logo_max_height":0,"ocean_custom_logo_tablet_max_height":0,"ocean_custom_logo_mobile_max_height":0,"ocean_header_custom_menu":"0","ocean_menu_typo_font_family":"0","ocean_menu_typo_font_subset":"","ocean_menu_typo_font_size":0,"ocean_menu_typo_font_size_tablet":0,"ocean_menu_typo_font_size_mobile":0,"ocean_menu_typo_font_size_unit":"px","ocean_menu_typo_font_weight":"","ocean_menu_typo_font_weight_tablet":"","ocean_menu_typo_font_weight_mobile":"","ocean_menu_typo_transform":"","ocean_menu_typo_transform_tablet":"","ocean_menu_typo_transform_mobile":"","ocean_menu_typo_line_height":0,"ocean_menu_typo_line_height_tablet":0,"ocean_menu_typo_line_height_mobile":0,"ocean_menu_typo_line_height_unit":"","ocean_menu_typo_spacing":0,"ocean_menu_typo_spacing_tablet":0,"ocean_menu_typo_spacing_mobile":0,"ocean_menu_typo_spacing_unit":"","ocean_menu_link_color":"","ocean_menu_link_color_hover":"","ocean_menu_link_color_active":"","ocean_menu_link_background":"","ocean_menu_link_hover_background":"","ocean_menu_link_active_background":"","ocean_menu_social_links_bg":"","ocean_menu_social_hover_links_bg":"","ocean_menu_social_links_color":"","ocean_menu_social_hover_links_color":"","ocean_disable_title":"default","ocean_disable_heading":"default","ocean_post_title":"","ocean_post_subheading":"","ocean_post_title_style":"","ocean_post_title_background_color":"","ocean_post_title_background":0,"ocean_post_title_bg_image_position":"","ocean_post_title_bg_image_attachment":"","ocean_post_title_bg_image_repeat":"","ocean_post_title_bg_image_size":"","ocean_post_title_height":0,"ocean_post_title_bg_overlay":0.5,"ocean_post_title_bg_overlay_color":"","ocean_disable_breadcrumbs":"default","ocean_breadcrumbs_color":"","ocean_breadcrumbs_separator_color":"","ocean_breadcrumbs_links_color":"","ocean_breadcrumbs_links_hover_color":"","ocean_display_footer_widgets":"default","ocean_display_footer_bottom":"default","ocean_custom_footer_template":"0","footnotes":""},"class_list":["post-505","page","type-page","status-publish","hentry","entry"],"yoast_head":"<!-- This site is optimized with the Yoast SEO Premium plugin v21.5 (Yoast SEO v27.3) - https:\/\/yoast.com\/product\/yoast-seo-premium-wordpress\/ -->\n<title>Certifica\u00e7\u00e3o - STOCK INDUSTRIAL<\/title>\n<meta name=\"robots\" content=\"index, follow, max-snippet:-1, max-image-preview:large, max-video-preview:-1\" \/>\n<link rel=\"canonical\" href=\"https:\/\/stockindustrial.com.br\/?page_id=505\" \/>\n<meta property=\"og:locale\" content=\"pt_BR\" \/>\n<meta property=\"og:type\" content=\"article\" \/>\n<meta property=\"og:title\" content=\"Certifica\u00e7\u00e3o\" \/>\n<meta property=\"og:description\" content=\"CERTIFICA\u00c7\u00c3O ISO-9001 Fundada em fevereiro de 2007, a Stock Industrial surgiu a partir de um corpo diretivo com mais de 20 anos de experi\u00eancia na fabrica\u00e7\u00e3o de molas e produtos derivados de arames e fitas met\u00e1licas. Ao longo dos anos, consolidou-se como uma refer\u00eancia confi\u00e1vel no fornecimento de molas, artefatos de arame e estampados produzidos [&hellip;]\" \/>\n<meta property=\"og:url\" content=\"https:\/\/stockindustrial.com.br\/?page_id=505\" \/>\n<meta property=\"og:site_name\" content=\"STOCK INDUSTRIAL\" \/>\n<meta property=\"article:publisher\" content=\"https:\/\/www.facebook.com\/www.stockindustrial.com.br\" \/>\n<meta property=\"article:modified_time\" content=\"2025-10-22T23:50:40+00:00\" \/>\n<meta property=\"og:image\" content=\"https:\/\/stockindustrial.com.br\/wp-content\/uploads\/2025\/10\/Certificado-Stock-ISO-9001_2015_BR137934_PT-outubro-2025-1_page-0001.jpg\" \/>\n<meta name=\"twitter:card\" content=\"summary_large_image\" \/>\n<meta name=\"twitter:label1\" content=\"Est. tempo de leitura\" \/>\n\t<meta name=\"twitter:data1\" content=\"3 minutos\" \/>\n<script type=\"application\/ld+json\" class=\"yoast-schema-graph\">{\"@context\":\"https:\\\/\\\/schema.org\",\"@graph\":[{\"@type\":\"WebPage\",\"@id\":\"https:\\\/\\\/stockindustrial.com.br\\\/?page_id=505\",\"url\":\"https:\\\/\\\/stockindustrial.com.br\\\/?page_id=505\",\"name\":\"Certifica\u00e7\u00e3o - STOCK INDUSTRIAL\",\"isPartOf\":{\"@id\":\"https:\\\/\\\/stockindustrial.com.br\\\/#website\"},\"primaryImageOfPage\":{\"@id\":\"https:\\\/\\\/stockindustrial.com.br\\\/?page_id=505#primaryimage\"},\"image\":{\"@id\":\"https:\\\/\\\/stockindustrial.com.br\\\/?page_id=505#primaryimage\"},\"thumbnailUrl\":\"https:\\\/\\\/stockindustrial.com.br\\\/wp-content\\\/uploads\\\/2025\\\/10\\\/Certificado-Stock-ISO-9001_2015_BR137934_PT-outubro-2025-1_page-0001.jpg\",\"datePublished\":\"2022-09-27T15:41:48+00:00\",\"dateModified\":\"2025-10-22T23:50:40+00:00\",\"breadcrumb\":{\"@id\":\"https:\\\/\\\/stockindustrial.com.br\\\/?page_id=505#breadcrumb\"},\"inLanguage\":\"pt-BR\",\"potentialAction\":[{\"@type\":\"ReadAction\",\"target\":[\"https:\\\/\\\/stockindustrial.com.br\\\/?page_id=505\"]}]},{\"@type\":\"ImageObject\",\"inLanguage\":\"pt-BR\",\"@id\":\"https:\\\/\\\/stockindustrial.com.br\\\/?page_id=505#primaryimage\",\"url\":\"https:\\\/\\\/stockindustrial.com.br\\\/wp-content\\\/uploads\\\/2025\\\/10\\\/Certificado-Stock-ISO-9001_2015_BR137934_PT-outubro-2025-1_page-0001.jpg\",\"contentUrl\":\"https:\\\/\\\/stockindustrial.com.br\\\/wp-content\\\/uploads\\\/2025\\\/10\\\/Certificado-Stock-ISO-9001_2015_BR137934_PT-outubro-2025-1_page-0001.jpg\",\"width\":1241,\"height\":1756},{\"@type\":\"BreadcrumbList\",\"@id\":\"https:\\\/\\\/stockindustrial.com.br\\\/?page_id=505#breadcrumb\",\"itemListElement\":[{\"@type\":\"ListItem\",\"position\":1,\"name\":\"In\u00edcio\",\"item\":\"https:\\\/\\\/stockindustrial.com.br\\\/\"},{\"@type\":\"ListItem\",\"position\":2,\"name\":\"Certifica\u00e7\u00e3o\"}]},{\"@type\":\"WebSite\",\"@id\":\"https:\\\/\\\/stockindustrial.com.br\\\/#website\",\"url\":\"https:\\\/\\\/stockindustrial.com.br\\\/\",\"name\":\"STOCK INDUSTRIAL\",\"description\":\"Molas e Artefatos\",\"publisher\":{\"@id\":\"https:\\\/\\\/stockindustrial.com.br\\\/#organization\"},\"potentialAction\":[{\"@type\":\"SearchAction\",\"target\":{\"@type\":\"EntryPoint\",\"urlTemplate\":\"https:\\\/\\\/stockindustrial.com.br\\\/?s={search_term_string}\"},\"query-input\":{\"@type\":\"PropertyValueSpecification\",\"valueRequired\":true,\"valueName\":\"search_term_string\"}}],\"inLanguage\":\"pt-BR\"},{\"@type\":\"Organization\",\"@id\":\"https:\\\/\\\/stockindustrial.com.br\\\/#organization\",\"name\":\"STOCK INDUSTRIAL\",\"url\":\"https:\\\/\\\/stockindustrial.com.br\\\/\",\"logo\":{\"@type\":\"ImageObject\",\"inLanguage\":\"pt-BR\",\"@id\":\"https:\\\/\\\/stockindustrial.com.br\\\/#\\\/schema\\\/logo\\\/image\\\/\",\"url\":\"https:\\\/\\\/stockindustrial.com.br\\\/wp-content\\\/uploads\\\/2022\\\/09\\\/logo-stock-2.png\",\"contentUrl\":\"https:\\\/\\\/stockindustrial.com.br\\\/wp-content\\\/uploads\\\/2022\\\/09\\\/logo-stock-2.png\",\"width\":100,\"height\":40,\"caption\":\"STOCK INDUSTRIAL\"},\"image\":{\"@id\":\"https:\\\/\\\/stockindustrial.com.br\\\/#\\\/schema\\\/logo\\\/image\\\/\"},\"sameAs\":[\"https:\\\/\\\/www.facebook.com\\\/www.stockindustrial.com.br\",\"https:\\\/\\\/www.linkedin.com\\\/company\\\/29021794\\\/admin\\\/feed\\\/posts\\\/\"]}]}<\/script>\n<!-- \/ Yoast SEO Premium plugin. -->","yoast_head_json":{"title":"Certifica\u00e7\u00e3o - STOCK INDUSTRIAL","robots":{"index":"index","follow":"follow","max-snippet":"max-snippet:-1","max-image-preview":"max-image-preview:large","max-video-preview":"max-video-preview:-1"},"canonical":"https:\/\/stockindustrial.com.br\/?page_id=505","og_locale":"pt_BR","og_type":"article","og_title":"Certifica\u00e7\u00e3o","og_description":"CERTIFICA\u00c7\u00c3O ISO-9001 Fundada em fevereiro de 2007, a Stock Industrial surgiu a partir de um corpo diretivo com mais de 20 anos de experi\u00eancia na fabrica\u00e7\u00e3o de molas e produtos derivados de arames e fitas met\u00e1licas. Ao longo dos anos, consolidou-se como uma refer\u00eancia confi\u00e1vel no fornecimento de molas, artefatos de arame e estampados produzidos [&hellip;]","og_url":"https:\/\/stockindustrial.com.br\/?page_id=505","og_site_name":"STOCK INDUSTRIAL","article_publisher":"https:\/\/www.facebook.com\/www.stockindustrial.com.br","article_modified_time":"2025-10-22T23:50:40+00:00","og_image":[{"url":"https:\/\/stockindustrial.com.br\/wp-content\/uploads\/2025\/10\/Certificado-Stock-ISO-9001_2015_BR137934_PT-outubro-2025-1_page-0001.jpg","type":"","width":"","height":""}],"twitter_card":"summary_large_image","twitter_misc":{"Est. tempo de leitura":"3 minutos"},"schema":{"@context":"https:\/\/schema.org","@graph":[{"@type":"WebPage","@id":"https:\/\/stockindustrial.com.br\/?page_id=505","url":"https:\/\/stockindustrial.com.br\/?page_id=505","name":"Certifica\u00e7\u00e3o - STOCK INDUSTRIAL","isPartOf":{"@id":"https:\/\/stockindustrial.com.br\/#website"},"primaryImageOfPage":{"@id":"https:\/\/stockindustrial.com.br\/?page_id=505#primaryimage"},"image":{"@id":"https:\/\/stockindustrial.com.br\/?page_id=505#primaryimage"},"thumbnailUrl":"https:\/\/stockindustrial.com.br\/wp-content\/uploads\/2025\/10\/Certificado-Stock-ISO-9001_2015_BR137934_PT-outubro-2025-1_page-0001.jpg","datePublished":"2022-09-27T15:41:48+00:00","dateModified":"2025-10-22T23:50:40+00:00","breadcrumb":{"@id":"https:\/\/stockindustrial.com.br\/?page_id=505#breadcrumb"},"inLanguage":"pt-BR","potentialAction":[{"@type":"ReadAction","target":["https:\/\/stockindustrial.com.br\/?page_id=505"]}]},{"@type":"ImageObject","inLanguage":"pt-BR","@id":"https:\/\/stockindustrial.com.br\/?page_id=505#primaryimage","url":"https:\/\/stockindustrial.com.br\/wp-content\/uploads\/2025\/10\/Certificado-Stock-ISO-9001_2015_BR137934_PT-outubro-2025-1_page-0001.jpg","contentUrl":"https:\/\/stockindustrial.com.br\/wp-content\/uploads\/2025\/10\/Certificado-Stock-ISO-9001_2015_BR137934_PT-outubro-2025-1_page-0001.jpg","width":1241,"height":1756},{"@type":"BreadcrumbList","@id":"https:\/\/stockindustrial.com.br\/?page_id=505#breadcrumb","itemListElement":[{"@type":"ListItem","position":1,"name":"In\u00edcio","item":"https:\/\/stockindustrial.com.br\/"},{"@type":"ListItem","position":2,"name":"Certifica\u00e7\u00e3o"}]},{"@type":"WebSite","@id":"https:\/\/stockindustrial.com.br\/#website","url":"https:\/\/stockindustrial.com.br\/","name":"STOCK INDUSTRIAL","description":"Molas e Artefatos","publisher":{"@id":"https:\/\/stockindustrial.com.br\/#organization"},"potentialAction":[{"@type":"SearchAction","target":{"@type":"EntryPoint","urlTemplate":"https:\/\/stockindustrial.com.br\/?s={search_term_string}"},"query-input":{"@type":"PropertyValueSpecification","valueRequired":true,"valueName":"search_term_string"}}],"inLanguage":"pt-BR"},{"@type":"Organization","@id":"https:\/\/stockindustrial.com.br\/#organization","name":"STOCK INDUSTRIAL","url":"https:\/\/stockindustrial.com.br\/","logo":{"@type":"ImageObject","inLanguage":"pt-BR","@id":"https:\/\/stockindustrial.com.br\/#\/schema\/logo\/image\/","url":"https:\/\/stockindustrial.com.br\/wp-content\/uploads\/2022\/09\/logo-stock-2.png","contentUrl":"https:\/\/stockindustrial.com.br\/wp-content\/uploads\/2022\/09\/logo-stock-2.png","width":100,"height":40,"caption":"STOCK INDUSTRIAL"},"image":{"@id":"https:\/\/stockindustrial.com.br\/#\/schema\/logo\/image\/"},"sameAs":["https:\/\/www.facebook.com\/www.stockindustrial.com.br","https:\/\/www.linkedin.com\/company\/29021794\/admin\/feed\/posts\/"]}]}},"_links":{"self":[{"href":"https:\/\/stockindustrial.com.br\/index.php?rest_route=\/wp\/v2\/pages\/505","targetHints":{"allow":["GET"]}}],"collection":[{"href":"https:\/\/stockindustrial.com.br\/index.php?rest_route=\/wp\/v2\/pages"}],"about":[{"href":"https:\/\/stockindustrial.com.br\/index.php?rest_route=\/wp\/v2\/types\/page"}],"author":[{"embeddable":true,"href":"https:\/\/stockindustrial.com.br\/index.php?rest_route=\/wp\/v2\/users\/1"}],"replies":[{"embeddable":true,"href":"https:\/\/stockindustrial.com.br\/index.php?rest_route=%2Fwp%2Fv2%2Fcomments&post=505"}],"version-history":[{"count":6,"href":"https:\/\/stockindustrial.com.br\/index.php?rest_route=\/wp\/v2\/pages\/505\/revisions"}],"predecessor-version":[{"id":8464,"href":"https:\/\/stockindustrial.com.br\/index.php?rest_route=\/wp\/v2\/pages\/505\/revisions\/8464"}],"wp:attachment":[{"href":"https:\/\/stockindustrial.com.br\/index.php?rest_route=%2Fwp%2Fv2%2Fmedia&parent=505"}],"curies":[{"name":"wp","href":"https:\/\/api.w.org\/{rel}","templated":true}]}}