{"id":7727,"date":"2024-04-08T06:33:37","date_gmt":"2024-04-08T09:33:37","guid":{"rendered":"https:\/\/stockindustrial.com.br\/?page_id=7727"},"modified":"2024-09-23T18:21:44","modified_gmt":"2024-09-23T21:21:44","slug":"lar-e-saude-skimmer","status":"publish","type":"page","link":"https:\/\/stockindustrial.com.br\/?page_id=7727","title":{"rendered":"Skimmer"},"content":{"rendered":"\t\t<div data-elementor-type=\"wp-page\" data-elementor-id=\"7727\" class=\"elementor elementor-7727\">\n\t\t\t\t\t\t<section class=\"elementor-section elementor-top-section elementor-element elementor-element-f84fa1c elementor-section-boxed elementor-section-height-default elementor-section-height-default exad-glass-effect-no exad-sticky-section-no\" data-id=\"f84fa1c\" data-element_type=\"section\" data-e-type=\"section\" data-settings=\"{&quot;background_background&quot;:&quot;classic&quot;}\">\n\t\t\t\t\t\t<div class=\"elementor-container elementor-column-gap-default\">\n\t\t\t\t\t<div class=\"elementor-column elementor-col-50 elementor-top-column elementor-element elementor-element-1441a21 animated-slow exad-glass-effect-no exad-sticky-section-no elementor-invisible\" data-id=\"1441a21\" data-element_type=\"column\" data-e-type=\"column\" data-settings=\"{&quot;background_background&quot;:&quot;classic&quot;,&quot;animation&quot;:&quot;fadeInLeft&quot;}\">\n\t\t\t<div class=\"elementor-widget-wrap elementor-element-populated\">\n\t\t\t\t\t<div class=\"elementor-background-overlay\"><\/div>\n\t\t\t\t\t\t<div class=\"elementor-element elementor-element-3b573e3 exad-sticky-section-no exad-glass-effect-no elementor-widget elementor-widget-spacer\" data-id=\"3b573e3\" data-element_type=\"widget\" data-e-type=\"widget\" data-widget_type=\"spacer.default\">\n\t\t\t\t<div class=\"elementor-widget-container\">\n\t\t\t\t\t\t\t<div class=\"elementor-spacer\">\n\t\t\t<div class=\"elementor-spacer-inner\"><\/div>\n\t\t<\/div>\n\t\t\t\t\t\t<\/div>\n\t\t\t\t<\/div>\n\t\t\t\t\t<\/div>\n\t\t<\/div>\n\t\t\t\t<div class=\"elementor-column elementor-col-50 elementor-top-column elementor-element elementor-element-f640fc4 animated-slow exad-glass-effect-no exad-sticky-section-no elementor-invisible\" data-id=\"f640fc4\" data-element_type=\"column\" data-e-type=\"column\" data-settings=\"{&quot;animation&quot;:&quot;fadeInLeft&quot;}\">\n\t\t\t<div class=\"elementor-widget-wrap elementor-element-populated\">\n\t\t\t\t\t\t<div class=\"elementor-element elementor-element-ec3199b exad-sticky-section-no exad-glass-effect-no elementor-widget elementor-widget-heading\" data-id=\"ec3199b\" data-element_type=\"widget\" data-e-type=\"widget\" data-widget_type=\"heading.default\">\n\t\t\t\t<div class=\"elementor-widget-container\">\n\t\t\t\t\t<h1 class=\"elementor-heading-title elementor-size-default\">SKIMMER<\/h1>\t\t\t\t<\/div>\n\t\t\t\t<\/div>\n\t\t\t\t<div class=\"elementor-element elementor-element-c05eadb exad-sticky-section-no exad-glass-effect-no elementor-widget elementor-widget-text-editor\" data-id=\"c05eadb\" data-element_type=\"widget\" data-e-type=\"widget\" data-widget_type=\"text-editor.default\">\n\t\t\t\t<div class=\"elementor-widget-container\">\n\t\t\t\t\t\t\t\t\t<p><span style=\"font-weight: 400;\">Skimmer &#8211; Sistema de Filtragem Superficial para Piscinas em ingl\u00eas <\/span><i><span style=\"font-weight: 400;\">Swimming Pool <\/span><\/i><i><span style=\"font-weight: 400;\">Skimmer<\/span><\/i><span style=\"font-weight: 400;\">.<\/span><\/p><p><span style=\"font-weight: 400;\">O <\/span><span style=\"font-weight: 400;\">S<\/span><span style=\"font-weight: 400;\">kimmer, (Filtro Superficial de Piscina), como o pr\u00f3prio nome sugere, foi desenvolvido para remover as impurezas superficiais da agua da piscina ou outro corpo d\u00b4agua, impurezas estas como \u00f3leos corporais, \u00f3leos cosm\u00e9ticos, folhas, insetos, poeira e demais impurezas que flutuam sobre o corpo d\u00b4agua.<\/span><\/p><p><span style=\"font-weight: 400;\">Sua fun\u00e7\u00e3o possui liga\u00e7\u00e3o direta com o sistema de su\u00e7\u00e3o do sistema de filtragem.<\/span><\/p><p><span style=\"font-weight: 400;\">No mercado comum encontra-se dois modelos de Skimmers, o flutuante e o embutido, este \u00faltimo deve ser instalado na parede lateral da piscina de forma que a linha d\u00b4\u00e1gua seja posicionada no centro da abertura do Skimmer.<\/span><\/p><p><span style=\"font-weight: 400;\">Ambos os modelos mencionados s\u00e3o normalmente constru\u00eddos em materiais pl\u00e1sticos injetados ou fibras.<\/span><\/p><p><span style=\"font-weight: 400;\">Deve-se observar que a posi\u00e7\u00e3o do Skimmer na piscina deve ser oposta aos dispositivos de retorno de filtragem e outros dispositivos de retorno. Estes dispositivos de retorno devem gerar uma corrente de agua que direcionar\u00e3o as impurezas superficiais para a entrada do receptor do Skimmer, que por consequ\u00eancia ser\u00e3o colhidos pelo filtro do Skimmer e\/ou pelo sistema de filtragem da piscina.<\/span><\/p><p><span style=\"font-weight: 400;\">O uso de dispositivos de retorno superficiais direcionais tambem auxiliar\u00e3o a entrada das impurezas no Skimmer.<\/span><\/p><p><span style=\"font-weight: 400;\">Recomenda-se o uso de um Skimmer para cada 25m\u00b2 de superficie em piscinas de uso coletivo e um Skimmer para cada 50m\u00b2 de superficie em piscinas de uso residencial.<\/span><\/p><p><span style=\"font-weight: 400;\">Quanto a limpeza do filtro do Skimmer:<\/span><\/p><p><span style=\"font-weight: 400;\">As impurezas ap\u00f3s passarem pelo receptor ser\u00e3o depositados em um cesto coletor, onde as folhas, insetos e demais detritos maiores ficam depositados.<\/span><\/p><p><span style=\"font-weight: 400;\">Para limpar o coletor, basta remover a tampa e o coletor lavando este ultimo com agua corrente e depois instalar o cesto e a tampa novamente.<\/span><\/p><p><span style=\"font-weight: 400;\">O Skimmer pode ficar em uso o tempo ou somente quando se perceber o acumulo de sujidades na superficia da agua.<\/span><\/p><p><span style=\"font-weight: 400;\">Enquanto no Brasil o uso do Skimmer ainda n\u00e3o \u00e9 obrigat\u00f3rio, sua presen\u00e7a mandat\u00f3ria e adotada em regi\u00f5es como Europa e Estados Unidos, destacando-se como um componente essencial para a manuten\u00e7\u00e3o de piscinas coletivas e residenciais.<\/span><\/p><p><span style=\"font-weight: 400;\">Diferenciando-se dos modelos convencionais fabricados em materiais pl\u00e1sticos e fibras, o Skimmer produzido pela Stock Industrial, \u00e9 fabricado com a\u00e7o inoxid\u00e1vel AISI 304 certificado, proporcionando resist\u00eancia superior e durabilidade incompar\u00e1vel.<\/span><\/p><p><span style=\"font-weight: 400;\">No Brasil uso do Skimmer \u00e9 direcionado para piscinas de constru\u00e7\u00e3o pl\u00e1stica, pois apresentam menos problemas de vazamento.<\/span><\/p><p><span style=\"font-weight: 400;\">Nas piscinas constru\u00eddas em alvenaria, normalmente ocorrem vazamentos entre as partes de encaixe do Skimmer e a alvenaria devido as grandes diferen\u00e7as de volumes de contra\u00e7\u00e3o e dilata\u00e7\u00e3o entre os materiais.<\/span><\/p><p><span style=\"font-weight: 400;\">Estes problemas de vazamentos tendem a solu\u00e7\u00e3o com o uso do Skimmer fabricado em a\u00e7o, pois as diferen\u00e7as de varia\u00e7\u00e3o de volumes s\u00e3o menores, tambem o Skimmer fabricado pela Stock possui sali\u00eancias que possibilitam a melhor ancoragem do equipamento a alvenaria.<\/span><\/p><p><span style=\"font-weight: 400;\">Outra causa da n\u00e3o recomenda\u00e7\u00e3o do uso do Skimmer no Brasil \u00e9 desvantagem est\u00e9tica da piscina, pois os Skimmers encontrados no mercado comum fazem com que o n\u00edvel da agua da piscina sejam posicionados a pelo menos 100mm abaixo da borda.<\/span><\/p><p><span style=\"font-weight: 400;\">Com o uso do Skimmer fabricado pela Stock o n\u00edvel da agua em rela\u00e7\u00e3o a borda ficara em torno de 30mm, permitido manter o ganho est\u00e9tico da piscina, a boa qualidade da agua superficial da piscina e a redu\u00e7\u00e3o do uso de produtos qu\u00edmicos decantadores.<\/span><\/p><p><span style=\"font-weight: 400;\">A import\u00e2ncia do Skimmer vai muito al\u00e9m da est\u00e9tica da \u00e1gua. Ao remover detritos flutuantes, folhas, insetos e outros res\u00edduos da superf\u00edcie da piscina, ele desempenha um papel fundamental na preven\u00e7\u00e3o da contamina\u00e7\u00e3o da \u00e1gua e na redu\u00e7\u00e3o do tempo e esfor\u00e7o dedicados \u00e0 manuten\u00e7\u00e3o.\u00a0<\/span><\/p><p><span style=\"font-weight: 400;\">Com seu design avan\u00e7ado e materiais de alta qualidade, nosso Skimmer oferece uma combina\u00e7\u00e3o imbat\u00edvel de desempenho e durabilidade. Seu mecanismo de filtragem eficiente e confi\u00e1vel garante que mesmo as part\u00edculas mais finas sejam capturadas e filtradas, proporcionando uma experi\u00eancia mais agrad\u00e1vel e segura para todos os usu\u00e1rios da piscina.<\/span><\/p><p><span style=\"font-weight: 400;\">A Stock fabrica Skimmers em Inox (<\/span><i><span style=\"font-weight: 400;\">Stainless Steel Pool Skimmer<\/span><\/i><span style=\"font-weight: 400;\">) sob encomenda com prazos de entrega a combinar atrav\u00e9s dos contatos:<\/span><\/p><p><span style=\"font-weight: 400;\">E-mail: vendas@skindusrial.com.br<\/span><\/p><p><span style=\"font-weight: 400;\">Tel. 11 5846 1021<\/span><\/p><p><span style=\"font-weight: 400;\">WhatsApp: +55 (11) 98892 1928<\/span><\/p>\t\t\t\t\t\t\t\t<\/div>\n\t\t\t\t<\/div>\n\t\t\t\t\t<\/div>\n\t\t<\/div>\n\t\t\t\t\t<\/div>\n\t\t<\/section>\n\t\t\t\t<section class=\"elementor-section elementor-top-section elementor-element elementor-element-9b54b4f elementor-section-boxed elementor-section-height-default elementor-section-height-default exad-glass-effect-no exad-sticky-section-no\" data-id=\"9b54b4f\" data-element_type=\"section\" data-e-type=\"section\" data-settings=\"{&quot;background_background&quot;:&quot;classic&quot;}\">\n\t\t\t\t\t\t\t<div class=\"elementor-background-overlay\"><\/div>\n\t\t\t\t\t\t\t<div class=\"elementor-container elementor-column-gap-default\">\n\t\t\t\t\t<div class=\"elementor-column elementor-col-100 elementor-top-column elementor-element elementor-element-8a25358 exad-glass-effect-no exad-sticky-section-no\" data-id=\"8a25358\" data-element_type=\"column\" data-e-type=\"column\">\n\t\t\t<div class=\"elementor-widget-wrap elementor-element-populated\">\n\t\t\t\t\t\t<div class=\"elementor-element elementor-element-edb4abf exad-sticky-section-no exad-glass-effect-no elementor-invisible elementor-widget elementor-widget-heading\" data-id=\"edb4abf\" data-element_type=\"widget\" data-e-type=\"widget\" data-settings=\"{&quot;_animation&quot;:&quot;fadeInLeft&quot;}\" data-widget_type=\"heading.default\">\n\t\t\t\t<div class=\"elementor-widget-container\">\n\t\t\t\t\t<h2 class=\"elementor-heading-title elementor-size-default\">PRODUTOS RELACIONADOS<\/h2>\t\t\t\t<\/div>\n\t\t\t\t<\/div>\n\t\t\t\t\t<\/div>\n\t\t<\/div>\n\t\t\t\t\t<\/div>\n\t\t<\/section>\n\t\t\t\t<section class=\"elementor-section elementor-top-section elementor-element elementor-element-8981d2c elementor-section-boxed elementor-section-height-default elementor-section-height-default exad-glass-effect-no exad-sticky-section-no\" data-id=\"8981d2c\" data-element_type=\"section\" data-e-type=\"section\" data-settings=\"{&quot;background_background&quot;:&quot;classic&quot;}\">\n\t\t\t\t\t\t\t<div class=\"elementor-background-overlay\"><\/div>\n\t\t\t\t\t\t\t<div class=\"elementor-container elementor-column-gap-default\">\n\t\t\t\t\t<div class=\"elementor-column elementor-col-100 elementor-top-column elementor-element elementor-element-4c5df5a exad-glass-effect-no exad-sticky-section-no\" data-id=\"4c5df5a\" data-element_type=\"column\" data-e-type=\"column\">\n\t\t\t<div class=\"elementor-widget-wrap elementor-element-populated\">\n\t\t\t\t\t\t<section class=\"elementor-section elementor-inner-section elementor-element elementor-element-df2a483 elementor-section-boxed elementor-section-height-default elementor-section-height-default exad-glass-effect-no exad-sticky-section-no\" data-id=\"df2a483\" data-element_type=\"section\" data-e-type=\"section\">\n\t\t\t\t\t\t<div class=\"elementor-container elementor-column-gap-default\">\n\t\t\t\t\t<div class=\"elementor-column elementor-col-50 elementor-inner-column elementor-element elementor-element-ee2246f exad-glass-effect-no exad-sticky-section-no elementor-invisible\" data-id=\"ee2246f\" data-element_type=\"column\" data-e-type=\"column\" data-settings=\"{&quot;background_background&quot;:&quot;classic&quot;,&quot;animation&quot;:&quot;pulse&quot;}\">\n\t\t\t<div class=\"elementor-widget-wrap elementor-element-populated\">\n\t\t\t\t\t<div class=\"elementor-background-overlay\"><\/div>\n\t\t\t\t\t\t<div class=\"elementor-element elementor-element-d8423dd exad-sticky-section-no exad-glass-effect-no elementor-invisible elementor-widget elementor-widget-heading\" data-id=\"d8423dd\" data-element_type=\"widget\" data-e-type=\"widget\" data-settings=\"{&quot;_animation&quot;:&quot;fadeIn&quot;}\" data-widget_type=\"heading.default\">\n\t\t\t\t<div class=\"elementor-widget-container\">\n\t\t\t\t\t<h2 class=\"elementor-heading-title elementor-size-default\"><a href=\"https:\/\/stockindustrial.com.br\/?page_id=7727\">SKIMMER<\/a><\/h2>\t\t\t\t<\/div>\n\t\t\t\t<\/div>\n\t\t\t\t\t<\/div>\n\t\t<\/div>\n\t\t\t\t<div class=\"elementor-column elementor-col-50 elementor-inner-column elementor-element elementor-element-9a13f55 exad-glass-effect-no exad-sticky-section-no elementor-invisible\" data-id=\"9a13f55\" data-element_type=\"column\" data-e-type=\"column\" data-settings=\"{&quot;background_background&quot;:&quot;classic&quot;,&quot;animation&quot;:&quot;pulse&quot;}\">\n\t\t\t<div class=\"elementor-widget-wrap elementor-element-populated\">\n\t\t\t\t\t<div class=\"elementor-background-overlay\"><\/div>\n\t\t\t\t\t\t<div class=\"elementor-element elementor-element-3fe248f exad-sticky-section-no exad-glass-effect-no elementor-invisible elementor-widget elementor-widget-heading\" data-id=\"3fe248f\" data-element_type=\"widget\" data-e-type=\"widget\" data-settings=\"{&quot;_animation&quot;:&quot;fadeIn&quot;}\" data-widget_type=\"heading.default\">\n\t\t\t\t<div class=\"elementor-widget-container\">\n\t\t\t\t\t<h2 class=\"elementor-heading-title elementor-size-default\"><a href=\"https:\/\/stockindustrial.com.br\/?page_id=7767\">CAIXA ABRIGO<\/a><\/h2>\t\t\t\t<\/div>\n\t\t\t\t<\/div>\n\t\t\t\t\t<\/div>\n\t\t<\/div>\n\t\t\t\t\t<\/div>\n\t\t<\/section>\n\t\t\t\t\t<\/div>\n\t\t<\/div>\n\t\t\t\t\t<\/div>\n\t\t<\/section>\n\t\t\t\t<\/div>\n\t\t","protected":false},"excerpt":{"rendered":"<p>SKIMMER Skimmer &#8211; Sistema de Filtragem Superficial para Piscinas em ingl\u00eas Swimming Pool Skimmer. O Skimmer, (Filtro Superficial de Piscina), como o pr\u00f3prio nome sugere, foi desenvolvido para remover as impurezas superficiais da agua da piscina ou outro corpo d\u00b4agua, impurezas estas como \u00f3leos corporais, \u00f3leos cosm\u00e9ticos, folhas, insetos, poeira e demais impurezas que flutuam [&hellip;]<\/p>\n","protected":false},"author":1,"featured_media":0,"parent":0,"menu_order":0,"comment_status":"closed","ping_status":"closed","template":"elementor_header_footer","meta":{"ocean_post_layout":"","ocean_both_sidebars_style":"","ocean_both_sidebars_content_width":0,"ocean_both_sidebars_sidebars_width":0,"ocean_sidebar":"0","ocean_second_sidebar":"0","ocean_disable_margins":"enable","ocean_add_body_class":"","ocean_shortcode_before_top_bar":"","ocean_shortcode_after_top_bar":"","ocean_shortcode_before_header":"","ocean_shortcode_after_header":"","ocean_has_shortcode":"","ocean_shortcode_after_title":"","ocean_shortcode_before_footer_widgets":"","ocean_shortcode_after_footer_widgets":"","ocean_shortcode_before_footer_bottom":"","ocean_shortcode_after_footer_bottom":"","ocean_display_top_bar":"default","ocean_display_header":"default","ocean_header_style":"","ocean_center_header_left_menu":"0","ocean_custom_header_template":"0","ocean_custom_logo":0,"ocean_custom_retina_logo":0,"ocean_custom_logo_max_width":0,"ocean_custom_logo_tablet_max_width":0,"ocean_custom_logo_mobile_max_width":0,"ocean_custom_logo_max_height":0,"ocean_custom_logo_tablet_max_height":0,"ocean_custom_logo_mobile_max_height":0,"ocean_header_custom_menu":"0","ocean_menu_typo_font_family":"0","ocean_menu_typo_font_subset":"","ocean_menu_typo_font_size":0,"ocean_menu_typo_font_size_tablet":0,"ocean_menu_typo_font_size_mobile":0,"ocean_menu_typo_font_size_unit":"px","ocean_menu_typo_font_weight":"","ocean_menu_typo_font_weight_tablet":"","ocean_menu_typo_font_weight_mobile":"","ocean_menu_typo_transform":"","ocean_menu_typo_transform_tablet":"","ocean_menu_typo_transform_mobile":"","ocean_menu_typo_line_height":0,"ocean_menu_typo_line_height_tablet":0,"ocean_menu_typo_line_height_mobile":0,"ocean_menu_typo_line_height_unit":"","ocean_menu_typo_spacing":0,"ocean_menu_typo_spacing_tablet":0,"ocean_menu_typo_spacing_mobile":0,"ocean_menu_typo_spacing_unit":"","ocean_menu_link_color":"","ocean_menu_link_color_hover":"","ocean_menu_link_color_active":"","ocean_menu_link_background":"","ocean_menu_link_hover_background":"","ocean_menu_link_active_background":"","ocean_menu_social_links_bg":"","ocean_menu_social_hover_links_bg":"","ocean_menu_social_links_color":"","ocean_menu_social_hover_links_color":"","ocean_disable_title":"default","ocean_disable_heading":"default","ocean_post_title":"","ocean_post_subheading":"","ocean_post_title_style":"","ocean_post_title_background_color":"","ocean_post_title_background":0,"ocean_post_title_bg_image_position":"","ocean_post_title_bg_image_attachment":"","ocean_post_title_bg_image_repeat":"","ocean_post_title_bg_image_size":"","ocean_post_title_height":0,"ocean_post_title_bg_overlay":0.5,"ocean_post_title_bg_overlay_color":"","ocean_disable_breadcrumbs":"default","ocean_breadcrumbs_color":"","ocean_breadcrumbs_separator_color":"","ocean_breadcrumbs_links_color":"","ocean_breadcrumbs_links_hover_color":"","ocean_display_footer_widgets":"default","ocean_display_footer_bottom":"default","ocean_custom_footer_template":"0","footnotes":""},"class_list":["post-7727","page","type-page","status-publish","hentry","entry"],"yoast_head":"<!-- This site is optimized with the Yoast SEO Premium plugin v21.5 (Yoast SEO v27.3) - https:\/\/yoast.com\/product\/yoast-seo-premium-wordpress\/ -->\n<title>Skimmer - STOCK INDUSTRIAL<\/title>\n<meta name=\"robots\" content=\"index, follow, max-snippet:-1, max-image-preview:large, max-video-preview:-1\" \/>\n<link rel=\"canonical\" href=\"https:\/\/stockindustrial.com.br\/?page_id=7727\" \/>\n<meta property=\"og:locale\" content=\"pt_BR\" \/>\n<meta property=\"og:type\" content=\"article\" \/>\n<meta property=\"og:title\" content=\"Skimmer\" \/>\n<meta property=\"og:description\" content=\"SKIMMER Skimmer &#8211; Sistema de Filtragem Superficial para Piscinas em ingl\u00eas Swimming Pool Skimmer. O Skimmer, (Filtro Superficial de Piscina), como o pr\u00f3prio nome sugere, foi desenvolvido para remover as impurezas superficiais da agua da piscina ou outro corpo d\u00b4agua, impurezas estas como \u00f3leos corporais, \u00f3leos cosm\u00e9ticos, folhas, insetos, poeira e demais impurezas que flutuam [&hellip;]\" \/>\n<meta property=\"og:url\" content=\"https:\/\/stockindustrial.com.br\/?page_id=7727\" \/>\n<meta property=\"og:site_name\" content=\"STOCK INDUSTRIAL\" \/>\n<meta property=\"article:publisher\" content=\"https:\/\/www.facebook.com\/www.stockindustrial.com.br\" \/>\n<meta property=\"article:modified_time\" content=\"2024-09-23T21:21:44+00:00\" \/>\n<meta name=\"twitter:card\" content=\"summary_large_image\" \/>\n<meta name=\"twitter:label1\" content=\"Est. tempo de leitura\" \/>\n\t<meta name=\"twitter:data1\" content=\"4 minutos\" \/>\n<script type=\"application\/ld+json\" class=\"yoast-schema-graph\">{\"@context\":\"https:\\\/\\\/schema.org\",\"@graph\":[{\"@type\":\"WebPage\",\"@id\":\"https:\\\/\\\/stockindustrial.com.br\\\/?page_id=7727\",\"url\":\"https:\\\/\\\/stockindustrial.com.br\\\/?page_id=7727\",\"name\":\"Skimmer - STOCK INDUSTRIAL\",\"isPartOf\":{\"@id\":\"https:\\\/\\\/stockindustrial.com.br\\\/#website\"},\"datePublished\":\"2024-04-08T09:33:37+00:00\",\"dateModified\":\"2024-09-23T21:21:44+00:00\",\"breadcrumb\":{\"@id\":\"https:\\\/\\\/stockindustrial.com.br\\\/?page_id=7727#breadcrumb\"},\"inLanguage\":\"pt-BR\",\"potentialAction\":[{\"@type\":\"ReadAction\",\"target\":[\"https:\\\/\\\/stockindustrial.com.br\\\/?page_id=7727\"]}]},{\"@type\":\"BreadcrumbList\",\"@id\":\"https:\\\/\\\/stockindustrial.com.br\\\/?page_id=7727#breadcrumb\",\"itemListElement\":[{\"@type\":\"ListItem\",\"position\":1,\"name\":\"In\u00edcio\",\"item\":\"https:\\\/\\\/stockindustrial.com.br\\\/\"},{\"@type\":\"ListItem\",\"position\":2,\"name\":\"Skimmer\"}]},{\"@type\":\"WebSite\",\"@id\":\"https:\\\/\\\/stockindustrial.com.br\\\/#website\",\"url\":\"https:\\\/\\\/stockindustrial.com.br\\\/\",\"name\":\"STOCK INDUSTRIAL\",\"description\":\"Molas e Artefatos\",\"publisher\":{\"@id\":\"https:\\\/\\\/stockindustrial.com.br\\\/#organization\"},\"potentialAction\":[{\"@type\":\"SearchAction\",\"target\":{\"@type\":\"EntryPoint\",\"urlTemplate\":\"https:\\\/\\\/stockindustrial.com.br\\\/?s={search_term_string}\"},\"query-input\":{\"@type\":\"PropertyValueSpecification\",\"valueRequired\":true,\"valueName\":\"search_term_string\"}}],\"inLanguage\":\"pt-BR\"},{\"@type\":\"Organization\",\"@id\":\"https:\\\/\\\/stockindustrial.com.br\\\/#organization\",\"name\":\"STOCK INDUSTRIAL\",\"url\":\"https:\\\/\\\/stockindustrial.com.br\\\/\",\"logo\":{\"@type\":\"ImageObject\",\"inLanguage\":\"pt-BR\",\"@id\":\"https:\\\/\\\/stockindustrial.com.br\\\/#\\\/schema\\\/logo\\\/image\\\/\",\"url\":\"https:\\\/\\\/stockindustrial.com.br\\\/wp-content\\\/uploads\\\/2022\\\/09\\\/logo-stock-2.png\",\"contentUrl\":\"https:\\\/\\\/stockindustrial.com.br\\\/wp-content\\\/uploads\\\/2022\\\/09\\\/logo-stock-2.png\",\"width\":100,\"height\":40,\"caption\":\"STOCK INDUSTRIAL\"},\"image\":{\"@id\":\"https:\\\/\\\/stockindustrial.com.br\\\/#\\\/schema\\\/logo\\\/image\\\/\"},\"sameAs\":[\"https:\\\/\\\/www.facebook.com\\\/www.stockindustrial.com.br\",\"https:\\\/\\\/www.linkedin.com\\\/company\\\/29021794\\\/admin\\\/feed\\\/posts\\\/\"]}]}<\/script>\n<!-- \/ Yoast SEO Premium plugin. -->","yoast_head_json":{"title":"Skimmer - STOCK INDUSTRIAL","robots":{"index":"index","follow":"follow","max-snippet":"max-snippet:-1","max-image-preview":"max-image-preview:large","max-video-preview":"max-video-preview:-1"},"canonical":"https:\/\/stockindustrial.com.br\/?page_id=7727","og_locale":"pt_BR","og_type":"article","og_title":"Skimmer","og_description":"SKIMMER Skimmer &#8211; Sistema de Filtragem Superficial para Piscinas em ingl\u00eas Swimming Pool Skimmer. O Skimmer, (Filtro Superficial de Piscina), como o pr\u00f3prio nome sugere, foi desenvolvido para remover as impurezas superficiais da agua da piscina ou outro corpo d\u00b4agua, impurezas estas como \u00f3leos corporais, \u00f3leos cosm\u00e9ticos, folhas, insetos, poeira e demais impurezas que flutuam [&hellip;]","og_url":"https:\/\/stockindustrial.com.br\/?page_id=7727","og_site_name":"STOCK INDUSTRIAL","article_publisher":"https:\/\/www.facebook.com\/www.stockindustrial.com.br","article_modified_time":"2024-09-23T21:21:44+00:00","twitter_card":"summary_large_image","twitter_misc":{"Est. tempo de leitura":"4 minutos"},"schema":{"@context":"https:\/\/schema.org","@graph":[{"@type":"WebPage","@id":"https:\/\/stockindustrial.com.br\/?page_id=7727","url":"https:\/\/stockindustrial.com.br\/?page_id=7727","name":"Skimmer - STOCK INDUSTRIAL","isPartOf":{"@id":"https:\/\/stockindustrial.com.br\/#website"},"datePublished":"2024-04-08T09:33:37+00:00","dateModified":"2024-09-23T21:21:44+00:00","breadcrumb":{"@id":"https:\/\/stockindustrial.com.br\/?page_id=7727#breadcrumb"},"inLanguage":"pt-BR","potentialAction":[{"@type":"ReadAction","target":["https:\/\/stockindustrial.com.br\/?page_id=7727"]}]},{"@type":"BreadcrumbList","@id":"https:\/\/stockindustrial.com.br\/?page_id=7727#breadcrumb","itemListElement":[{"@type":"ListItem","position":1,"name":"In\u00edcio","item":"https:\/\/stockindustrial.com.br\/"},{"@type":"ListItem","position":2,"name":"Skimmer"}]},{"@type":"WebSite","@id":"https:\/\/stockindustrial.com.br\/#website","url":"https:\/\/stockindustrial.com.br\/","name":"STOCK INDUSTRIAL","description":"Molas e Artefatos","publisher":{"@id":"https:\/\/stockindustrial.com.br\/#organization"},"potentialAction":[{"@type":"SearchAction","target":{"@type":"EntryPoint","urlTemplate":"https:\/\/stockindustrial.com.br\/?s={search_term_string}"},"query-input":{"@type":"PropertyValueSpecification","valueRequired":true,"valueName":"search_term_string"}}],"inLanguage":"pt-BR"},{"@type":"Organization","@id":"https:\/\/stockindustrial.com.br\/#organization","name":"STOCK INDUSTRIAL","url":"https:\/\/stockindustrial.com.br\/","logo":{"@type":"ImageObject","inLanguage":"pt-BR","@id":"https:\/\/stockindustrial.com.br\/#\/schema\/logo\/image\/","url":"https:\/\/stockindustrial.com.br\/wp-content\/uploads\/2022\/09\/logo-stock-2.png","contentUrl":"https:\/\/stockindustrial.com.br\/wp-content\/uploads\/2022\/09\/logo-stock-2.png","width":100,"height":40,"caption":"STOCK INDUSTRIAL"},"image":{"@id":"https:\/\/stockindustrial.com.br\/#\/schema\/logo\/image\/"},"sameAs":["https:\/\/www.facebook.com\/www.stockindustrial.com.br","https:\/\/www.linkedin.com\/company\/29021794\/admin\/feed\/posts\/"]}]}},"_links":{"self":[{"href":"https:\/\/stockindustrial.com.br\/index.php?rest_route=\/wp\/v2\/pages\/7727","targetHints":{"allow":["GET"]}}],"collection":[{"href":"https:\/\/stockindustrial.com.br\/index.php?rest_route=\/wp\/v2\/pages"}],"about":[{"href":"https:\/\/stockindustrial.com.br\/index.php?rest_route=\/wp\/v2\/types\/page"}],"author":[{"embeddable":true,"href":"https:\/\/stockindustrial.com.br\/index.php?rest_route=\/wp\/v2\/users\/1"}],"replies":[{"embeddable":true,"href":"https:\/\/stockindustrial.com.br\/index.php?rest_route=%2Fwp%2Fv2%2Fcomments&post=7727"}],"version-history":[{"count":0,"href":"https:\/\/stockindustrial.com.br\/index.php?rest_route=\/wp\/v2\/pages\/7727\/revisions"}],"wp:attachment":[{"href":"https:\/\/stockindustrial.com.br\/index.php?rest_route=%2Fwp%2Fv2%2Fmedia&parent=7727"}],"curies":[{"name":"wp","href":"https:\/\/api.w.org\/{rel}","templated":true}]}}